{"id":8,"date":"2010-07-18T07:46:53","date_gmt":"2010-07-18T05:46:53","guid":{"rendered":"http:\/\/dobraca.com\/?page_id=8"},"modified":"2020-02-05T23:53:11","modified_gmt":"2020-02-05T21:53:11","slug":"knjige","status":"publish","type":"page","link":"http:\/\/dobraca.com\/?page_id=8","title":{"rendered":"Knjige"},"content":{"rendered":"<p>Objavljene knjige:<br \/>\n1. <a href=\"http:\/\/dobraca.com\/knjige\/limesurvey\" target=\"_self\" rel=\"noopener noreferrer\">LimeSurvey priru\u010dnik<\/a><br \/>\n2. <a href=\"http:\/\/http:\/\/dobraca.com\/knjige\/sicuri-in-internet\" target=\"_self\" rel=\"noopener noreferrer\">+ sicuri in Internet<\/a><br \/>\n3. <a href=\"http:\/\/dobraca.com\/knjige\/provodenje-istrazivanja-uz-limesurvey\" target=\"_self\" rel=\"noopener noreferrer\">Provo\u0111enje istra\u017eivanja uz LimeSurvey<\/a><br \/>\n4. <a href=\"http:\/\/dobraca.com\/knjige\/la-battana-indice-generale-delle-annate-1964-2018\">La Battana \u2013 indice generale delle annate 1964- 2018<\/a><br \/>\n&nbsp;<\/p>\n","protected":false},"excerpt":{"rendered":"<p>Objavljene knjige: 1. LimeSurvey priru\u010dnik 2. + sicuri in Internet 3. Provo\u0111enje istra\u017eivanja uz LimeSurvey 4. La Battana \u2013 indice generale delle annate 1964- 2018 &nbsp;<\/p>\n","protected":false},"author":1,"featured_media":0,"parent":0,"menu_order":0,"comment_status":"closed","ping_status":"open","template":"","meta":{"footnotes":""},"class_list":["post-8","page","type-page","status-publish","hentry"],"_links":{"self":[{"href":"http:\/\/dobraca.com\/index.php?rest_route=\/wp\/v2\/pages\/8","targetHints":{"allow":["GET"]}}],"collection":[{"href":"http:\/\/dobraca.com\/index.php?rest_route=\/wp\/v2\/pages"}],"about":[{"href":"http:\/\/dobraca.com\/index.php?rest_route=\/wp\/v2\/types\/page"}],"author":[{"embeddable":true,"href":"http:\/\/dobraca.com\/index.php?rest_route=\/wp\/v2\/users\/1"}],"replies":[{"embeddable":true,"href":"http:\/\/dobraca.com\/index.php?rest_route=%2Fwp%2Fv2%2Fcomments&post=8"}],"version-history":[{"count":2,"href":"http:\/\/dobraca.com\/index.php?rest_route=\/wp\/v2\/pages\/8\/revisions"}],"predecessor-version":[{"id":346,"href":"http:\/\/dobraca.com\/index.php?rest_route=\/wp\/v2\/pages\/8\/revisions\/346"}],"wp:attachment":[{"href":"http:\/\/dobraca.com\/index.php?rest_route=%2Fwp%2Fv2%2Fmedia&parent=8"}],"curies":[{"name":"wp","href":"https:\/\/api.w.org\/{rel}","templated":true}]}}