{"id":341,"date":"2020-02-05T23:49:45","date_gmt":"2020-02-05T21:49:45","guid":{"rendered":"http:\/\/dobraca.com\/?page_id=341"},"modified":"2020-02-05T23:52:16","modified_gmt":"2020-02-05T21:52:16","slug":"la-battana-indice-generale-delle-annate-1964-2018","status":"publish","type":"page","link":"http:\/\/dobraca.com\/?page_id=341","title":{"rendered":"La Battana \u2013 indice generale delle annate 1964- 2018"},"content":{"rendered":"<p>Knjiga predstavlja bibliografiju objavljenih radova u \u010dasopisu &#8220;La Battana&#8221; tijekom proteklih 55 godina izla\u017eenja, od 1964. do 2018. Na vi\u0161e od 300 stranica dostupne su op\u0107enite informacije o \u010dasopisu, bibliografija \u010dlanaka, kazalo autora i prevoditelja, te autora likovnih i slikovnih priloga. Knjiga je dostupna putem Amazon.com, uz napomenu kako putem Amazon.it mogu\u0107a je kupnja i uz kori\u0161tenje <strong>Bonus Cultura<\/strong> i <strong>Bonus Carta del Docente<\/strong>.<\/p>\n<p>Format knjige: 169 x 244 mm<br \/>\nOpseg knjige: 340<br \/>\nUvez: meki<br \/>\nISBN: 978-953-56208-3-5<br \/>\nGodina izdavanja: 2020.<\/p>\n","protected":false},"excerpt":{"rendered":"<p>Knjiga predstavlja bibliografiju objavljenih radova u \u010dasopisu &#8220;La Battana&#8221; tijekom proteklih 55 godina izla\u017eenja, od 1964. do 2018. Na vi\u0161e od 300 stranica dostupne su op\u0107enite informacije o \u010dasopisu, bibliografija \u010dlanaka, kazalo autora i prevoditelja, te autora likovnih i slikovnih priloga. Knjiga je dostupna putem Amazon.com, uz napomenu kako putem Amazon.it mogu\u0107a je kupnja i &hellip; <\/p>\n<p class=\"link-more\"><a href=\"http:\/\/dobraca.com\/?page_id=341\" class=\"more-link\">Read more<span class=\"screen-reader-text\"> &#8220;La Battana \u2013 indice generale delle annate 1964- 2018&#8221;<\/span><\/a><\/p>\n","protected":false},"author":1,"featured_media":0,"parent":8,"menu_order":4,"comment_status":"closed","ping_status":"closed","template":"","meta":{"footnotes":""},"class_list":["post-341","page","type-page","status-publish","hentry"],"_links":{"self":[{"href":"http:\/\/dobraca.com\/index.php?rest_route=\/wp\/v2\/pages\/341","targetHints":{"allow":["GET"]}}],"collection":[{"href":"http:\/\/dobraca.com\/index.php?rest_route=\/wp\/v2\/pages"}],"about":[{"href":"http:\/\/dobraca.com\/index.php?rest_route=\/wp\/v2\/types\/page"}],"author":[{"embeddable":true,"href":"http:\/\/dobraca.com\/index.php?rest_route=\/wp\/v2\/users\/1"}],"replies":[{"embeddable":true,"href":"http:\/\/dobraca.com\/index.php?rest_route=%2Fwp%2Fv2%2Fcomments&post=341"}],"version-history":[{"count":3,"href":"http:\/\/dobraca.com\/index.php?rest_route=\/wp\/v2\/pages\/341\/revisions"}],"predecessor-version":[{"id":345,"href":"http:\/\/dobraca.com\/index.php?rest_route=\/wp\/v2\/pages\/341\/revisions\/345"}],"up":[{"embeddable":true,"href":"http:\/\/dobraca.com\/index.php?rest_route=\/wp\/v2\/pages\/8"}],"wp:attachment":[{"href":"http:\/\/dobraca.com\/index.php?rest_route=%2Fwp%2Fv2%2Fmedia&parent=341"}],"curies":[{"name":"wp","href":"https:\/\/api.w.org\/{rel}","templated":true}]}}