{"id":242,"date":"2014-08-19T16:03:57","date_gmt":"2014-08-19T14:03:57","guid":{"rendered":"http:\/\/dobraca.com\/?page_id=242"},"modified":"2014-09-21T13:22:20","modified_gmt":"2014-09-21T11:22:20","slug":"provodenje-istrazivanja-uz-limesurvey","status":"publish","type":"page","link":"http:\/\/dobraca.com\/?page_id=242","title":{"rendered":"Provo\u0111enje istra\u017eivanja uz LimeSurvey"},"content":{"rendered":"<p><img loading=\"lazy\" decoding=\"async\" class=\"alignleft wp-image-249 size-full\" src=\"http:\/\/dobraca.com\/wp-content\/uploads\/2014\/08\/PILS.jpg\" alt=\"PILS\" width=\"123\" height=\"180\" \/><\/p>\n<p style=\"text-align: justify;\">Knjiga sadr\u017ei detaljne upute za rad s LimeSurvey softverom &#8211; besplatnim softverom za pripremu, provedbu i analizu anketa uz mogu\u0107nost izvoza odgovora u alate poput R, SPSS, i STATA. U priru\u010dniku kori\u0161tena je engleska verzija softvera, me\u0111utim radi potreba korisnika uz tekstove na engleskom jeziku naveden je i hrvatski prijevod. U odnosu na prethodno izdanje, ovo izdanje oboga\u0107eno je uvodom u metodu anketiranja, detaljnim opisom instalacije, nadogradnje i migracije softvera, navedene su u\u010destale skale i klasifikacije, te eti\u010dki kodeksi.<\/p>\n<p>&nbsp;<\/p>\n<p>&nbsp;<\/p>\n<p>Format knjige: 169 x 244 mm<br \/>\nOpseg knjige: 319<br \/>\nUvez: meki<br \/>\nISBN: 978-953-56208-2-2<br \/>\nGodina izdavanja: 2014.<\/p>\n<p><strong><em><br \/>\nDatoteke za preuzimanje:<br \/>\n<\/em><\/strong><a href=\"http:\/\/dobraca.com\/wp-content\/uploads\/2014\/08\/PILS_sadrzaj.pdf\">Sadr\u017eaj<\/a><br \/>\n<strong><br \/>\nInformacija za studente<\/strong>: Ukoliko\u00a0tijekom\u00a0studija imate potrebu za anketiranjem, mo\u017eete zatra\u017eiti korisni\u010dki ra\u010dun za besplatno kori\u0161tenje LimeSurvey softvera\u00a0na e-mail adresu <a href=\"mailto:ankete@inovacije.eu\">ankete@inovacije.eu<\/a>. Zahtjev za korisni\u010dki ra\u010dun treba poslati sa e-mail adrese fakulteta.<\/p>\n","protected":false},"excerpt":{"rendered":"<p>Knjiga sadr\u017ei detaljne upute za rad s LimeSurvey softverom &#8211; besplatnim softverom za pripremu, provedbu i analizu anketa uz mogu\u0107nost izvoza odgovora u alate poput R, SPSS, i STATA. U priru\u010dniku kori\u0161tena je engleska verzija softvera, me\u0111utim radi potreba korisnika uz tekstove na engleskom jeziku naveden je i hrvatski prijevod. U odnosu na prethodno izdanje, &hellip; <\/p>\n<p class=\"link-more\"><a href=\"http:\/\/dobraca.com\/?page_id=242\" class=\"more-link\">Read more<span class=\"screen-reader-text\"> &#8220;Provo\u0111enje istra\u017eivanja uz LimeSurvey&#8221;<\/span><\/a><\/p>\n","protected":false},"author":1,"featured_media":0,"parent":8,"menu_order":3,"comment_status":"closed","ping_status":"open","template":"","meta":{"footnotes":""},"class_list":["post-242","page","type-page","status-publish","hentry"],"_links":{"self":[{"href":"http:\/\/dobraca.com\/index.php?rest_route=\/wp\/v2\/pages\/242","targetHints":{"allow":["GET"]}}],"collection":[{"href":"http:\/\/dobraca.com\/index.php?rest_route=\/wp\/v2\/pages"}],"about":[{"href":"http:\/\/dobraca.com\/index.php?rest_route=\/wp\/v2\/types\/page"}],"author":[{"embeddable":true,"href":"http:\/\/dobraca.com\/index.php?rest_route=\/wp\/v2\/users\/1"}],"replies":[{"embeddable":true,"href":"http:\/\/dobraca.com\/index.php?rest_route=%2Fwp%2Fv2%2Fcomments&post=242"}],"version-history":[{"count":11,"href":"http:\/\/dobraca.com\/index.php?rest_route=\/wp\/v2\/pages\/242\/revisions"}],"predecessor-version":[{"id":257,"href":"http:\/\/dobraca.com\/index.php?rest_route=\/wp\/v2\/pages\/242\/revisions\/257"}],"up":[{"embeddable":true,"href":"http:\/\/dobraca.com\/index.php?rest_route=\/wp\/v2\/pages\/8"}],"wp:attachment":[{"href":"http:\/\/dobraca.com\/index.php?rest_route=%2Fwp%2Fv2%2Fmedia&parent=242"}],"curies":[{"name":"wp","href":"https:\/\/api.w.org\/{rel}","templated":true}]}}