{"id":10,"date":"2010-07-18T07:47:15","date_gmt":"2010-07-18T05:47:15","guid":{"rendered":"http:\/\/dobraca.com\/?page_id=10"},"modified":"2013-02-23T19:45:20","modified_gmt":"2013-02-23T17:45:20","slug":"limesurvey","status":"publish","type":"page","link":"http:\/\/dobraca.com\/?page_id=10","title":{"rendered":"LimeSurvey priru\u010dnik"},"content":{"rendered":"<p><img loading=\"lazy\" decoding=\"async\" class=\"alignleft size-full wp-image-21\" title=\"ls_mala\" alt=\"\" src=\"http:\/\/dobraca.com\/wp-content\/uploads\/2010\/07\/ls_mala.png\" width=\"139\" height=\"240\" \/><\/p>\n<p style=\"text-align: justify;\">LimeSurvey je softver za pripremu i provo\u0111enje anketa putem Interneta, a uz sve njegove dobre karakteristike kao \u0161to su veliki broj tipova pitanja, lokalizacija na razli\u010ditim jezicima, mogu\u0107nost rada sa raznim bazama podataka, izvoz odgovora u popularne programe za statisti\u010dku analizu, bitno je naglasiti i da je besplatan.<\/p>\n<p style=\"text-align: justify;\">Ovaj priru\u010dnik, koji se temelji na LimeSurvey verziji 1.87 i korisni\u010dkom priru\u010dniku na engleskom jeziku, sadr\u017ei osim detaljnih uputa za brzo samostalno u\u010denje, mno\u0161tvo primjera i savjeta kako bi njegovo kori\u0161tenje bilo \u0161to jednostavnije, br\u017ee i kvalitetnije.<\/p>\n<p>Format knjige: 140 x 216 mm<br \/>\nOpseg knjige: 86<br \/>\nUvez: meki<br \/>\nISBN: 978-953-56208-0-8<br \/>\nGodina izdavanja: 2010.<\/p>\n<p><strong><em>Datoteke za preuzimanje<br \/>\n<\/em><\/strong><a href=\"http:\/\/dobraca.com\/wp-content\/uploads\/2010\/07\/LSp_sadrzaj.pdf\">LimeSurvey priru\u010dnik &#8211; sadr\u017eaj<\/a><br \/>\n<a href=\"http:\/\/dobraca.com\/wp-content\/uploads\/2010\/07\/primjer_ankete.csv\">Primjer ankete<\/a><\/p>\n<p style=\"text-align: justify;\"><strong>Obavijest za studente<\/strong>: Ukoliko\u00a0tijekom\u00a0studija imate potrebu za anketiranjem, mo\u017eete zatra\u017eiti korisni\u010dki ra\u010dun za besplatno kori\u0161tenje LimeSurvey softvera\u00a0na e-mail adresu <a href=\"mailto:ankete@inovacije.eu\">ankete@inovacije.eu<\/a>. Zahtjev za korisni\u010dki ra\u010dun treba poslati sa e-mail adrese fakulteta.<\/p>\n","protected":false},"excerpt":{"rendered":"<p>LimeSurvey je softver za pripremu i provo\u0111enje anketa putem Interneta, a uz sve njegove dobre karakteristike kao \u0161to su veliki broj tipova pitanja, lokalizacija na razli\u010ditim jezicima, mogu\u0107nost rada sa raznim bazama podataka, izvoz odgovora u popularne programe za statisti\u010dku analizu, bitno je naglasiti i da je besplatan. Ovaj priru\u010dnik, koji se temelji na LimeSurvey &hellip; <\/p>\n<p class=\"link-more\"><a href=\"http:\/\/dobraca.com\/?page_id=10\" class=\"more-link\">Read more<span class=\"screen-reader-text\"> &#8220;LimeSurvey priru\u010dnik&#8221;<\/span><\/a><\/p>\n","protected":false},"author":1,"featured_media":0,"parent":8,"menu_order":1,"comment_status":"closed","ping_status":"open","template":"","meta":{"footnotes":""},"class_list":["post-10","page","type-page","status-publish","hentry"],"_links":{"self":[{"href":"http:\/\/dobraca.com\/index.php?rest_route=\/wp\/v2\/pages\/10","targetHints":{"allow":["GET"]}}],"collection":[{"href":"http:\/\/dobraca.com\/index.php?rest_route=\/wp\/v2\/pages"}],"about":[{"href":"http:\/\/dobraca.com\/index.php?rest_route=\/wp\/v2\/types\/page"}],"author":[{"embeddable":true,"href":"http:\/\/dobraca.com\/index.php?rest_route=\/wp\/v2\/users\/1"}],"replies":[{"embeddable":true,"href":"http:\/\/dobraca.com\/index.php?rest_route=%2Fwp%2Fv2%2Fcomments&post=10"}],"version-history":[{"count":0,"href":"http:\/\/dobraca.com\/index.php?rest_route=\/wp\/v2\/pages\/10\/revisions"}],"up":[{"embeddable":true,"href":"http:\/\/dobraca.com\/index.php?rest_route=\/wp\/v2\/pages\/8"}],"wp:attachment":[{"href":"http:\/\/dobraca.com\/index.php?rest_route=%2Fwp%2Fv2%2Fmedia&parent=10"}],"curies":[{"name":"wp","href":"https:\/\/api.w.org\/{rel}","templated":true}]}}